{"id":1379,"date":"2023-09-27T10:18:36","date_gmt":"2023-09-27T08:18:36","guid":{"rendered":"https:\/\/traumahealing.be\/?page_id=1379"},"modified":"2023-10-13T20:41:54","modified_gmt":"2023-10-13T18:41:54","slug":"over-ons","status":"publish","type":"page","link":"https:\/\/traumahealing.be\/en\/over-ons\/","title":{"rendered":"About"},"content":{"rendered":"<p>[et_pb_section fb_built=&#8221;1&#8243; _builder_version=&#8221;4.21.0&#8243; _module_preset=&#8221;default&#8221; custom_padding=&#8221;30px||50px|||&#8221; global_colors_info=&#8221;{}&#8221;][et_pb_row _builder_version=&#8221;4.21.0&#8243; _module_preset=&#8221;default&#8221; global_colors_info=&#8221;{}&#8221;][et_pb_column type=&#8221;4_4&#8243; _builder_version=&#8221;4.21.0&#8243; _module_preset=&#8221;default&#8221; global_colors_info=&#8221;{}&#8221;][et_pb_text _builder_version=&#8221;4.22.1&#8243; _module_preset=&#8221;1ccf75c9-1ccf-4989-8ade-bc7cb151218d&#8221; global_colors_info=&#8221;{%22gcid-2d0fe8c3-c33f-437b-8711-017cc195a73e%22:%91%22header_2_text_color%22,%22header_3_text_color%22%93}&#8221;]<\/p>\n<p>Trauma Healing Belgium is een vzw met als doel de verspreiding van lichaamsge\u00f6rienteerde werkvormen voor het verwerken van trauma. Meer specifiek gaat dit over Somatic Experiencing\u00ae en de daaruit voortgevloeide methodieken. Enerzijds organiseert Trauma Healing Belgium erkende opleidingen, workshops en trainingen, anderzijds is Trauma Healing Belgium de Belgische Associatie voor Somatic Experiencing\u00ae beoefenaars.<\/p>\n<p>[\/et_pb_text][et_pb_text _builder_version=&#8221;4.22.1&#8243; _module_preset=&#8221;1ccf75c9-1ccf-4989-8ade-bc7cb151218d&#8221; min_height=&#8221;20.6px&#8221; custom_padding=&#8221;||0px|||&#8221; global_colors_info=&#8221;{%22gcid-2d0fe8c3-c33f-437b-8711-017cc195a73e%22:%91%22header_2_text_color%22,%22header_3_text_color%22%93}&#8221;]<\/p>\n<h2>Wie Zijn Wij<\/h2>\n<p>[\/et_pb_text][\/et_pb_column][\/et_pb_row][et_pb_row column_structure=&#8221;2_5,3_5&#8243; _builder_version=&#8221;4.22.1&#8243; _module_preset=&#8221;default&#8221; global_colors_info=&#8221;{}&#8221;][et_pb_column type=&#8221;2_5&#8243; _builder_version=&#8221;4.21.0&#8243; _module_preset=&#8221;default&#8221; global_colors_info=&#8221;{}&#8221;][et_pb_text _builder_version=&#8221;4.22.1&#8243; _module_preset=&#8221;1ccf75c9-1ccf-4989-8ade-bc7cb151218d&#8221; custom_padding=&#8221;|||0px||&#8221; global_colors_info=&#8221;{%22gcid-2d0fe8c3-c33f-437b-8711-017cc195a73e%22:%91%22header_2_text_color%22,%22header_text_color%22,%22header_2_text_color%22,%22header_text_color%22,%22quote_border_color%22%93,%22gcid-c489fa30-cd97-4aba-94f9-82179330083a%22:%91%22quote_text_color%22%93}&#8221;]<\/p>\n<blockquote>\n<p>Chris Camp &#8211; Directeur<\/p>\n<\/blockquote>\n<p>[\/et_pb_text][et_pb_image src=&#8221;https:\/\/traumahealing.be\/wp-content\/uploads\/2023\/09\/ChrisCamp.jpeg&#8221; alt=&#8221;Somatic Experiencing Belgium&#8221; title_text=&#8221;ChrisCamp&#8221; align=&#8221;center&#8221; _builder_version=&#8221;4.22.1&#8243; _module_preset=&#8221;default&#8221; height=&#8221;400px&#8221; custom_padding=&#8221;0px|||||&#8221; global_colors_info=&#8221;{}&#8221;][\/et_pb_image][\/et_pb_column][et_pb_column type=&#8221;3_5&#8243; _builder_version=&#8221;4.22.1&#8243; _module_preset=&#8221;default&#8221; global_colors_info=&#8221;{}&#8221;][et_pb_text _builder_version=&#8221;4.22.1&#8243; _module_preset=&#8221;1ccf75c9-1ccf-4989-8ade-bc7cb151218d&#8221; global_colors_info=&#8221;{%22gcid-2d0fe8c3-c33f-437b-8711-017cc195a73e%22:%91%22header_2_text_color%22,%22header_3_text_color%22%93}&#8221;]<\/p>\n<h2><\/h2>\n<h2>Chris Camp<\/h2>\n<p>Chris Camp is de oprichter en de bezieler van Trauma Healing Belgium en heeft daarnaast de functie van Directeur\/Voorzitter. Hij ontdekte in 2012 het werk van Peter Levine via een demo video en was zodanig onder de indruk dat hij de opleiding volgde in Londen en de Verenigde Staten. Aangezien in Belgi\u00eb Somatic Experiencing\u00ae nog weinig bekend was, was hij samen met 2 andere \u00e9\u00e9n van de weinige SEP&#8217;s in Belgi\u00eb. Overtuigd van de meerwaarde van deze werkvorm startte hij met het organiseren van introducties in 2018 en de oprichting van Trauma Healing Belgium vzw in 2019.<\/p>\n<p>Chris werkt als Somatic Experiencing\u00ae Practitioner in Herent. Hij is de oprichter van de groepspraktijk De Ondersteuning en de yogastudio Ayuryoga. Daarnaast is hij lesgever in Zen-Shiatsu en 5 Ritmes.<\/p>\n<p>&nbsp;<\/p>\n<p>[\/et_pb_text][\/et_pb_column][\/et_pb_row][et_pb_row column_structure=&#8221;1_2,1_2&#8243; _builder_version=&#8221;4.22.1&#8243; _module_preset=&#8221;default&#8221; global_colors_info=&#8221;{}&#8221;][et_pb_column type=&#8221;1_2&#8243; _builder_version=&#8221;4.21.0&#8243; _module_preset=&#8221;default&#8221; global_colors_info=&#8221;{}&#8221;][et_pb_text _builder_version=&#8221;4.22.2&#8243; _module_preset=&#8221;1ccf75c9-1ccf-4989-8ade-bc7cb151218d&#8221; global_colors_info=&#8221;{%22gcid-2d0fe8c3-c33f-437b-8711-017cc195a73e%22:%91%22header_2_text_color%22,%22header_3_text_color%22%93}&#8221;]<\/p>\n<h2>Viktoria Grgurin<\/h2>\n<p>Viktoria volgde de SE introductie in 2019 en stapte dan in het allereerste training Somatic Experiencing in Belgi\u00eb. Ze ervaarde de groei en transformatie van deze training en was zo enthousiast dat ze begon in de organisatie mee te werken en samen met Chris te opleidingen te organiseren.<\/p>\n<p>Viktoria`s achtergrond en Viktoria zelf zijn zo kleurrijk als een regenboog. Afkomstig van Kroatie, geboren en opgegroeid in Wenen\/Oostenrijk, is ze enkele jaar geleden in Belgie belandt. Nast een loopbaan in\u00a0 de marketing, communicatie en reclame sector heeft Viktoria meer dan 10 jaar yoga lessen gegeven en is vooral sinds de geboorte van haar zoontje van loopbaan veranderd.<\/p>\n<p>Viktoria is co-oprichter van het yoga studio AyurYoga in Herent en werkt onder andere als yoga lesgever in het studio alsook als psychosciale begeleider, personal &amp; life coach en SEP in de groepspraktijk De Ondersteuning in Herent en online.<\/p>\n<p>Daarnaast geeft zij vrouwencirkelen en &#8220;parents walking groups for expats&#8221;.<\/p>\n<p>Je kan met Engels, Duits, Nederlands en Kroatisch bij haar terecht.<\/p>\n<p>Voor meer info over Viktoria klik hier: <a href=\"https:\/\/livinginspired.eu\/\">Living Inspired<\/a> by Viktoria Grgurin<\/p>\n<p>&nbsp;<\/p>\n<p>[\/et_pb_text][\/et_pb_column][et_pb_column type=&#8221;1_2&#8243; _builder_version=&#8221;4.22.1&#8243; _module_preset=&#8221;default&#8221; global_colors_info=&#8221;{}&#8221;][et_pb_text _builder_version=&#8221;4.22.1&#8243; _module_preset=&#8221;1ccf75c9-1ccf-4989-8ade-bc7cb151218d&#8221; custom_padding=&#8221;3px|||0px||&#8221; global_colors_info=&#8221;{%22gcid-2d0fe8c3-c33f-437b-8711-017cc195a73e%22:%91%22header_2_text_color%22,%22header_text_color%22,%22header_2_text_color%22,%22header_text_color%22,%22quote_border_color%22%93,%22gcid-c489fa30-cd97-4aba-94f9-82179330083a%22:%91%22quote_text_color%22%93}&#8221;]<\/p>\n<blockquote>\n<p>Viktoria Grgurin &#8211; Bestuurslid<\/p>\n<\/blockquote>\n<p>[\/et_pb_text][et_pb_image src=&#8221;https:\/\/traumahealing.be\/wp-content\/uploads\/2023\/09\/viktoria-grgurin-e1695808301510.jpg&#8221; alt=&#8221;Somatic Experiencing Belgium&#8221; title_text=&#8221;viktoria grgurin&#8221; align=&#8221;center&#8221; _builder_version=&#8221;4.22.1&#8243; _module_preset=&#8221;default&#8221; height=&#8221;400px&#8221; custom_padding=&#8221;0px|||||&#8221; global_colors_info=&#8221;{}&#8221;][\/et_pb_image][\/et_pb_column][\/et_pb_row][\/et_pb_section]<\/p>\n","protected":false},"excerpt":{"rendered":"<p>Trauma Healing Belgium is een vzw met als doel de verspreiding van lichaamsge\u00f6rienteerde werkvormen voor het verwerken van trauma. Meer specifiek gaat dit over Somatic Experiencing\u00ae en de daaruit voortgevloeide [&hellip;]<\/p>\n","protected":false},"author":5,"featured_media":0,"parent":0,"menu_order":0,"comment_status":"closed","ping_status":"closed","template":"","meta":{"_acf_changed":false,"_et_pb_use_builder":"on","_et_pb_old_content":"","_et_gb_content_width":"","footnotes":""},"dipi_cpt_category":[],"class_list":["post-1379","page","type-page","status-publish","hentry"],"acf":[],"yoast_head":"<!-- This site is optimized with the Yoast SEO plugin v26.3 - https:\/\/yoast.com\/wordpress\/plugins\/seo\/ -->\n<title>Over ons - Trauma Healing Belgium<\/title>\n<meta name=\"robots\" content=\"index, follow, max-snippet:-1, max-image-preview:large, max-video-preview:-1\" \/>\n<link rel=\"canonical\" href=\"https:\/\/traumahealing.be\/en\/over-ons\/\" \/>\n<meta property=\"og:locale\" content=\"en_GB\" \/>\n<meta property=\"og:type\" content=\"article\" \/>\n<meta property=\"og:title\" content=\"Over ons - Trauma Healing Belgium\" \/>\n<meta property=\"og:description\" content=\"Trauma Healing Belgium is een vzw met als doel de verspreiding van lichaamsge\u00f6rienteerde werkvormen voor het verwerken van trauma. Meer specifiek gaat dit over Somatic Experiencing\u00ae en de daaruit voortgevloeide [&hellip;]\" \/>\n<meta property=\"og:url\" content=\"https:\/\/traumahealing.be\/en\/wp-json\/wp\/v2\/pages\/1379\" \/>\n<meta property=\"og:site_name\" content=\"Trauma Healing Belgium\" \/>\n<meta property=\"article:modified_time\" content=\"2023-10-13T18:41:54+00:00\" \/>\n<meta property=\"og:image\" content=\"https:\/\/traumahealing.be\/wp-content\/uploads\/2023\/05\/trauma-healing-belgium-logo-v1-600px.webp\" \/>\n\t<meta property=\"og:image:width\" content=\"600\" \/>\n\t<meta property=\"og:image:height\" content=\"238\" \/>\n\t<meta property=\"og:image:type\" content=\"image\/webp\" \/>\n<meta name=\"twitter:card\" content=\"summary_large_image\" \/>\n<meta name=\"twitter:label1\" content=\"Estimated reading time\" \/>\n\t<meta name=\"twitter:data1\" content=\"4 minutes\" \/>\n<script type=\"application\/ld+json\" class=\"yoast-schema-graph\">{\"@context\":\"https:\/\/schema.org\",\"@graph\":[{\"@type\":\"WebPage\",\"@id\":\"https:\/\/traumahealing.be\/over-ons\/\",\"url\":\"https:\/\/traumahealing.be\/over-ons\/\",\"name\":\"Over ons - Trauma Healing Belgium\",\"isPartOf\":{\"@id\":\"https:\/\/traumahealing.be\/#website\"},\"datePublished\":\"2023-09-27T08:18:36+00:00\",\"dateModified\":\"2023-10-13T18:41:54+00:00\",\"breadcrumb\":{\"@id\":\"https:\/\/traumahealing.be\/over-ons\/#breadcrumb\"},\"inLanguage\":\"en-GB\",\"potentialAction\":[{\"@type\":\"ReadAction\",\"target\":[\"https:\/\/traumahealing.be\/over-ons\/\"]}]},{\"@type\":\"BreadcrumbList\",\"@id\":\"https:\/\/traumahealing.be\/over-ons\/#breadcrumb\",\"itemListElement\":[{\"@type\":\"ListItem\",\"position\":1,\"name\":\"Home\",\"item\":\"https:\/\/traumahealing.be\/\"},{\"@type\":\"ListItem\",\"position\":2,\"name\":\"Over ons\"}]},{\"@type\":\"WebSite\",\"@id\":\"https:\/\/traumahealing.be\/#website\",\"url\":\"https:\/\/traumahealing.be\/\",\"name\":\"Trauma Healing Belgium\",\"description\":\"Somatic Experiencing\",\"publisher\":{\"@id\":\"https:\/\/traumahealing.be\/#organization\"},\"potentialAction\":[{\"@type\":\"SearchAction\",\"target\":{\"@type\":\"EntryPoint\",\"urlTemplate\":\"https:\/\/traumahealing.be\/?s={search_term_string}\"},\"query-input\":{\"@type\":\"PropertyValueSpecification\",\"valueRequired\":true,\"valueName\":\"search_term_string\"}}],\"inLanguage\":\"en-GB\"},{\"@type\":\"Organization\",\"@id\":\"https:\/\/traumahealing.be\/#organization\",\"name\":\"Trauma Healing Belgium\",\"url\":\"https:\/\/traumahealing.be\/\",\"logo\":{\"@type\":\"ImageObject\",\"inLanguage\":\"en-GB\",\"@id\":\"https:\/\/traumahealing.be\/#\/schema\/logo\/image\/\",\"url\":\"https:\/\/traumahealing.be\/wp-content\/uploads\/2023\/05\/trauma-healing-belgium-logo-v1-600px.webp\",\"contentUrl\":\"https:\/\/traumahealing.be\/wp-content\/uploads\/2023\/05\/trauma-healing-belgium-logo-v1-600px.webp\",\"width\":600,\"height\":238,\"caption\":\"Trauma Healing Belgium\"},\"image\":{\"@id\":\"https:\/\/traumahealing.be\/#\/schema\/logo\/image\/\"}}]}<\/script>\n<!-- \/ Yoast SEO plugin. -->","yoast_head_json":{"title":"Over ons - Trauma Healing Belgium","robots":{"index":"index","follow":"follow","max-snippet":"max-snippet:-1","max-image-preview":"max-image-preview:large","max-video-preview":"max-video-preview:-1"},"canonical":"https:\/\/traumahealing.be\/en\/over-ons\/","og_locale":"en_GB","og_type":"article","og_title":"Over ons - Trauma Healing Belgium","og_description":"Trauma Healing Belgium is een vzw met als doel de verspreiding van lichaamsge\u00f6rienteerde werkvormen voor het verwerken van trauma. Meer specifiek gaat dit over Somatic Experiencing\u00ae en de daaruit voortgevloeide [&hellip;]","og_url":"https:\/\/traumahealing.be\/en\/wp-json\/wp\/v2\/pages\/1379","og_site_name":"Trauma Healing Belgium","article_modified_time":"2023-10-13T18:41:54+00:00","og_image":[{"width":600,"height":238,"url":"https:\/\/traumahealing.be\/wp-content\/uploads\/2023\/05\/trauma-healing-belgium-logo-v1-600px.webp","type":"image\/webp"}],"twitter_card":"summary_large_image","twitter_misc":{"Estimated reading time":"4 minutes"},"schema":{"@context":"https:\/\/schema.org","@graph":[{"@type":"WebPage","@id":"https:\/\/traumahealing.be\/over-ons\/","url":"https:\/\/traumahealing.be\/over-ons\/","name":"Over ons - Trauma Healing Belgium","isPartOf":{"@id":"https:\/\/traumahealing.be\/#website"},"datePublished":"2023-09-27T08:18:36+00:00","dateModified":"2023-10-13T18:41:54+00:00","breadcrumb":{"@id":"https:\/\/traumahealing.be\/over-ons\/#breadcrumb"},"inLanguage":"en-GB","potentialAction":[{"@type":"ReadAction","target":["https:\/\/traumahealing.be\/over-ons\/"]}]},{"@type":"BreadcrumbList","@id":"https:\/\/traumahealing.be\/over-ons\/#breadcrumb","itemListElement":[{"@type":"ListItem","position":1,"name":"Home","item":"https:\/\/traumahealing.be\/"},{"@type":"ListItem","position":2,"name":"Over ons"}]},{"@type":"WebSite","@id":"https:\/\/traumahealing.be\/#website","url":"https:\/\/traumahealing.be\/","name":"Trauma Healing Belgium","description":"Somatic Experiencing","publisher":{"@id":"https:\/\/traumahealing.be\/#organization"},"potentialAction":[{"@type":"SearchAction","target":{"@type":"EntryPoint","urlTemplate":"https:\/\/traumahealing.be\/?s={search_term_string}"},"query-input":{"@type":"PropertyValueSpecification","valueRequired":true,"valueName":"search_term_string"}}],"inLanguage":"en-GB"},{"@type":"Organization","@id":"https:\/\/traumahealing.be\/#organization","name":"Trauma Healing Belgium","url":"https:\/\/traumahealing.be\/","logo":{"@type":"ImageObject","inLanguage":"en-GB","@id":"https:\/\/traumahealing.be\/#\/schema\/logo\/image\/","url":"https:\/\/traumahealing.be\/wp-content\/uploads\/2023\/05\/trauma-healing-belgium-logo-v1-600px.webp","contentUrl":"https:\/\/traumahealing.be\/wp-content\/uploads\/2023\/05\/trauma-healing-belgium-logo-v1-600px.webp","width":600,"height":238,"caption":"Trauma Healing Belgium"},"image":{"@id":"https:\/\/traumahealing.be\/#\/schema\/logo\/image\/"}}]}},"_links":{"self":[{"href":"https:\/\/traumahealing.be\/en\/wp-json\/wp\/v2\/pages\/1379","targetHints":{"allow":["GET"]}}],"collection":[{"href":"https:\/\/traumahealing.be\/en\/wp-json\/wp\/v2\/pages"}],"about":[{"href":"https:\/\/traumahealing.be\/en\/wp-json\/wp\/v2\/types\/page"}],"author":[{"embeddable":true,"href":"https:\/\/traumahealing.be\/en\/wp-json\/wp\/v2\/users\/5"}],"replies":[{"embeddable":true,"href":"https:\/\/traumahealing.be\/en\/wp-json\/wp\/v2\/comments?post=1379"}],"version-history":[{"count":12,"href":"https:\/\/traumahealing.be\/en\/wp-json\/wp\/v2\/pages\/1379\/revisions"}],"predecessor-version":[{"id":1442,"href":"https:\/\/traumahealing.be\/en\/wp-json\/wp\/v2\/pages\/1379\/revisions\/1442"}],"wp:attachment":[{"href":"https:\/\/traumahealing.be\/en\/wp-json\/wp\/v2\/media?parent=1379"}],"wp:term":[{"taxonomy":"dipi_cpt_category","embeddable":true,"href":"https:\/\/traumahealing.be\/en\/wp-json\/wp\/v2\/dipi_cpt_category?post=1379"}],"curies":[{"name":"wp","href":"https:\/\/api.w.org\/{rel}","templated":true}]}}