{"id":1154,"date":"2023-07-13T11:25:01","date_gmt":"2023-07-13T09:25:01","guid":{"rendered":"https:\/\/traumahealingbelgium.tijdelijkdomein.eu\/?page_id=1154"},"modified":"2023-10-02T12:46:33","modified_gmt":"2023-10-02T10:46:33","slug":"training-somatic-experiencing-2023-2025","status":"publish","type":"page","link":"https:\/\/traumahealing.be\/en\/training-somatic-experiencing-2023-2025\/","title":{"rendered":"Training Somatic Experiencing 2023-2025"},"content":{"rendered":"<p>[et_pb_section fb_built=&#8221;1&#8243; _builder_version=&#8221;4.21.0&#8243; _module_preset=&#8221;default&#8221; custom_padding=&#8221;30px||50px|||&#8221; global_colors_info=&#8221;{}&#8221;][et_pb_row column_structure=&#8221;1_4,3_4&#8243; _builder_version=&#8221;4.21.0&#8243; _module_preset=&#8221;default&#8221; global_colors_info=&#8221;{}&#8221;][et_pb_column type=&#8221;1_4&#8243; _builder_version=&#8221;4.21.0&#8243; _module_preset=&#8221;default&#8221; global_colors_info=&#8221;{}&#8221;][et_pb_text _builder_version=&#8221;4.21.0&#8243; _module_preset=&#8221;1ccf75c9-1ccf-4989-8ade-bc7cb151218d&#8221; global_colors_info=&#8221;{%22gcid-2d0fe8c3-c33f-437b-8711-017cc195a73e%22:%91%22header_2_text_color%22,%22header_text_color%22,%22header_2_text_color%22,%22header_text_color%22,%22quote_border_color%22%93,%22gcid-c489fa30-cd97-4aba-94f9-82179330083a%22:%91%22quote_text_color%22%93}&#8221;]<\/p>\n<blockquote>\n<p>Somatic Experiencing is een therapie ontwikkeld door Peter A. Levine<\/p>\n<\/blockquote>\n<p>[\/et_pb_text][\/et_pb_column][et_pb_column type=&#8221;3_4&#8243; _builder_version=&#8221;4.21.0&#8243; _module_preset=&#8221;default&#8221; global_colors_info=&#8221;{}&#8221;][et_pb_text _builder_version=&#8221;4.21.0&#8243; _module_preset=&#8221;1ccf75c9-1ccf-4989-8ade-bc7cb151218d&#8221; global_colors_info=&#8221;{%22gcid-2d0fe8c3-c33f-437b-8711-017cc195a73e%22:%91%22header_2_text_color%22,%22header_3_text_color%22%93}&#8221;]<\/p>\n<h2>Opleiding Somatic Experiencing 2023-2025<\/h2>\n<p>Via deze pagina kan je alle info over de opleiding Somatic Experiencing (Groep B) terug vinden.<\/p>\n<p>De opleiding bestaat uit 3 jaar (beginner, intermediate, advanced). Elk jaar bestaat uit 2 modules van 6 dagen. Inschrijven kan per jaar.<\/p>\n<p>Elk jaar heeft een andere lesgever. De lesgevers zijn officieel erkend door SEI om het specifiek niveau te geven. Door met verschillende lesgevers te werken kunnen er verschillende invloeden van SE ervaren worden. De voertaal van de lessen is Engels.<\/p>\n<h3>Data<\/h3>\n<table>\n<tbody>\n<tr>\n<td>Module<\/td>\n<td>Data<\/td>\n<td>Lesgever<\/td>\n<\/tr>\n<tr>\n<td>Beginner I\/II<\/td>\n<td>10-15 Maart 2023<\/td>\n<td>Ursula\u00a0F\u00fcrstenwald<\/td>\n<\/tr>\n<tr>\n<td>Beginner II\/III<\/td>\n<td>19-24 September 2023<\/td>\n<td>Ursula\u00a0F\u00fcrstenwald<\/td>\n<\/tr>\n<tr>\n<td>Intermediate I\/II<\/td>\n<td>30 April \u2013 5 Mei 2024<\/td>\n<td>Kavi Gemin<\/td>\n<\/tr>\n<tr>\n<td>Intermediate II\/III<\/td>\n<td>8-13 Oktober 2024<\/td>\n<td>Kavi Gemin<\/td>\n<\/tr>\n<tr>\n<td>Advanced I<\/td>\n<td>1-6 April 2025<\/td>\n<td>Dave Berger<\/td>\n<\/tr>\n<tr>\n<td>Advanced II<\/td>\n<td>11-16 September 2025<\/td>\n<td>Dave Berger<\/td>\n<\/tr>\n<\/tbody>\n<\/table>\n<h3>Locatie<\/h3>\n<p>Als locatie werd er gekozen voor\u00a0Centrum Eenheid. Het is een mooie locatie in het groen dichtbij Leuven.<\/p>\n<h3>Verdere Info en Inschrijven<\/h3>\n<p>Je kan alle verdere info terugvinden via het menu links. Sommige details zijn momenteel nog niet beschikbaar maar zullen toegevoegd worden van zodra ze beschikbaar zijn. Indien je je reeds aanmeld krijg je deze updates ook rechtstreeks via email. Inschrijven is mogelijk via het Aanmeldingsformulier. Lees zeker eerst alle informatie door.<\/p>\n<p>[\/et_pb_text][\/et_pb_column][\/et_pb_row][et_pb_row column_structure=&#8221;3_4,1_4&#8243; _builder_version=&#8221;4.21.0&#8243; _module_preset=&#8221;default&#8221; global_colors_info=&#8221;{}&#8221;][et_pb_column type=&#8221;3_4&#8243; _builder_version=&#8221;4.21.0&#8243; _module_preset=&#8221;default&#8221; global_colors_info=&#8221;{}&#8221;][et_pb_text _builder_version=&#8221;4.21.0&#8243; _module_preset=&#8221;1ccf75c9-1ccf-4989-8ade-bc7cb151218d&#8221; global_colors_info=&#8221;{%22gcid-2d0fe8c3-c33f-437b-8711-017cc195a73e%22:%91%22header_2_text_color%22,%22header_3_text_color%22%93}&#8221;]<\/p>\n<h2>Inhoud Opleiding<\/h2>\n<p>De opleiding Somatic Experiencing\u00ae Practitioner bestaat uit drie verschillende opleidingsjaren. Het eerste jaar wordt Beginner genoemd. Het tweede wordt Intermediate genoemd en het derde jaar is het Advanced jaar van de opleiding. Elk jaar bestaat uit 2 blokken van 6 dagen. Per jaar komen o.a. de volgende onderwerpen aan de orde:<\/p>\n<p>&nbsp;<\/p>\n<h3><strong>Beginner (1e jaar van de opleiding):<\/strong><\/h3>\n<ul>\n<li>Basisprincipes van Somatic Experiencing\u00ae zoals titratie en pendulatie.<\/li>\n<li>Fysiologische basis van trauma, zowel op lichamelijk vlak als de theorie van het zenuwstelsel en de hersenen.<\/li>\n<li>Het leren werken met sensaties in het lichaam (\u2018felt sense\u2019).<\/li>\n<li>Het leren werken met hulpbronnen en agentschap (resources en agency).<\/li>\n<li>Het leren werken met de Ori\u00ebntatie Respons en het afronden en energetisch ontladen hiervan.<\/li>\n<li>\u2018Coupling Dynamics\u2019 met behulp van \u2018SIBAM\u2019. Het herstellen van zelfregulering.<\/li>\n<li>Het herkennen van traumatische reacties en het stabiliseren hiervan.<\/li>\n<li>De verweven vaardigheden gebruiken om hertraumatisatie te vermijden.<\/li>\n<li>Trauma First Aid: werken in acute situaties.<\/li>\n<li>Integratie van Somatic Experiencing\u00ae traumawerk in reeds bestaande werkvormen.<\/li>\n<\/ul>\n<h3><strong>Intermediate (2e jaar van de opleiding):<\/strong><\/h3>\n<ul>\n<li>De theoretische inzichten in de verschillende categorie\u00ebn en oorzaken van traumatische shock.<\/li>\n<li>Het verdiepen van de basisprincipes van Somatic Experiencing\u00ae.<\/li>\n<li>Het leren erkennen van de specifieke categorie van de traumatische shock waarmee de cli\u00ebnt zich presenteert.<\/li>\n<li>Het leren toepassen van de juiste principes in de specifieke verschillende categorie\u00ebn en oorzaken van traumatische shock.<\/li>\n<li>Het verdiepen van reeds opgedane kennis van het zenuwstelstel.<\/li>\n<\/ul>\n<h3><strong>Advanced (3e jaar van de opleiding):<\/strong><\/h3>\n<ul>\n<li>Het leren werken met complex trauma en syndromen.<\/li>\n<li>Het introduceren en integreren van aanraking in een sessie Somatic Experiencing\u00ae.<\/li>\n<li>Het verdiepen van de kennis over en methodiek ter stabilisatie van het autonome zenuwstelsel (AZS) bij het werken met complex trauma.<\/li>\n<li>Het verdiepen van de polyvagal theorie en het toepassen ervan bij complex trauma.<\/li>\n<li>Leren werken met het begrip \u2018coherentie\u2019 in een SE\u00ae sessie.<\/li>\n<li>Het leren bepalen van de scope voor het effici\u00ebnter werken in een sessie.<\/li>\n<li>Verfijning van het gebruik van aanraking voor containment en coherentie.<\/li>\n<li>Het verdiepen van de basisprincipes van Somatic Experiencing\u00ae bij zeer sensitieve cli\u00ebnten.<\/li>\n<li>Het leren werken met de ogen in een sessie SE\u00ae.<\/li>\n<\/ul>\n<p>[\/et_pb_text][\/et_pb_column][et_pb_column type=&#8221;1_4&#8243; _builder_version=&#8221;4.21.0&#8243; _module_preset=&#8221;default&#8221; global_colors_info=&#8221;{}&#8221;][et_pb_text _builder_version=&#8221;4.21.0&#8243; _module_preset=&#8221;1ccf75c9-1ccf-4989-8ade-bc7cb151218d&#8221; global_colors_info=&#8221;{%22gcid-2d0fe8c3-c33f-437b-8711-017cc195a73e%22:%91%22header_2_text_color%22,%22header_text_color%22,%22header_2_text_color%22,%22header_text_color%22,%22quote_border_color%22%93,%22gcid-c489fa30-cd97-4aba-94f9-82179330083a%22:%91%22quote_text_color%22%93}&#8221;]<\/p>\n<blockquote>\n<p>De opleiding Somatic Experiencing\u00ae Practitioner bestaat uit drie verschillende opleidingsjaren<\/p>\n<\/blockquote>\n<p>[\/et_pb_text][\/et_pb_column][\/et_pb_row][et_pb_row _builder_version=&#8221;4.21.0&#8243; _module_preset=&#8221;default&#8221; global_colors_info=&#8221;{}&#8221;][et_pb_column type=&#8221;4_4&#8243; _builder_version=&#8221;4.21.0&#8243; _module_preset=&#8221;default&#8221; global_colors_info=&#8221;{}&#8221;][et_pb_text _builder_version=&#8221;4.21.0&#8243; _module_preset=&#8221;1ccf75c9-1ccf-4989-8ade-bc7cb151218d&#8221; global_colors_info=&#8221;{}&#8221;]<\/p>\n<h2>Praktische informatie<\/h2>\n<p>[\/et_pb_text][et_pb_accordion open_toggle_text_color=&#8221;gcid-2d0fe8c3-c33f-437b-8711-017cc195a73e&#8221; _builder_version=&#8221;4.21.0&#8243; _module_preset=&#8221;default&#8221; toggle_text_color=&#8221;gcid-c489fa30-cd97-4aba-94f9-82179330083a&#8221; toggle_level=&#8221;h3&#8243; toggle_font=&#8221;|700|||||||&#8221; toggle_font_size=&#8221;20px&#8221; global_colors_info=&#8221;{%22gcid-2d0fe8c3-c33f-437b-8711-017cc195a73e%22:%91%22open_toggle_text_color%22%93,%22gcid-c489fa30-cd97-4aba-94f9-82179330083a%22:%91%22toggle_text_color%22%93}&#8221;][et_pb_accordion_item title=&#8221;Kosten en Betaling&#8221; open=&#8221;on&#8221; _builder_version=&#8221;4.21.0&#8243; _module_preset=&#8221;default&#8221; global_colors_info=&#8221;{}&#8221;]<\/p>\n<p>Je schrijft je in voor het eerste jaar van een driejarige opleiding. Van zodra je aanmelding door het intake team goedgekeurd wordt ben je officieel ingeschreven voor de opleiding. De betaling van de opleiding moet volledig gebeurd zijn voor de start van de eerste module. Je verbindt je er ook toe om de drie volledige jaren van de opleiding te volgen, tenzij onvoorziene omstandigheden ertoe leiden dat dit niet mogelijk zou zijn. De verblijfskosten moeten betaald zijn minstens 1 week voor de start van de module.<\/p>\n<p>\u20ac 2160 per opleidingsjaar<br \/>Trauma Healing Belgium vzw heeft Registratienummer DV.O233316<br \/>\u20ac 2200 bij gespreide betaling<br \/>(Prijs is exclusief verblijfskost en kost voor supervisies en persoonlijke sessies)<\/p>\n<p>Voor het betalen van de factuur van de trainingskosten van een jaar kun je kiezen tussen:<\/p>\n<ul>\n<li>Het bedrag (2160 \u20ac) in \u00e9\u00e9n keer voor aanvang van de 1e module voldoen?<\/li>\n<li>Voor aanvang van de eerste module tekenen van een overeenkomst tot gespreide betaling. Het bedrag van de trainingskosten wordt dan verhoogd tot 2200 \u20ac voor de administratieve afhandeling van het gespreid betalen.<\/li>\n<\/ul>\n<p>Bij de trainingskosten zijn de kosten van het studiehandboek inbegrepen. Bij de verblijfskosten zijn koffie en thee inbegrepen. Copyright en het eigendomsrecht van het opleidingsmateriaal berust bij Somatic Experiencing Internationaal (SETI).<\/p>\n<p><strong>Overige kosten<\/strong><br \/>Tijdens de opleidingsmodules word je begeleid door een team van assistenten. Individuele sessies en supervisie tijdens de modules en daarbuiten, en ook studiegroepen, dienen apart aan hen betaald te worden. De kosten van individuele en supervisie bedragen naar schatting \u20ac 900 per jaar. Voor individuele sessies bij een primary assistent betaal je 75\u20ac, bij een senior assistent 85\u20ac. In het document<span>\u00a0<\/span>rules &amp; guidelines<span>\u00a0<\/span>vind je meer info terug, in het<span>\u00a0<\/span>pricing document<span>\u00a0<\/span>vind je de info omtrent de prijs terug.<\/p>\n<p><strong>Verblijfskosten<\/strong><br \/>Het overzicht van de verblijfskosten kan teruggevonden worden op de pagina Locatie.<\/p>\n<p><strong>Afbreken van de opleiding<\/strong><br \/>Indien je onverhoopt besluit om een opleidingsjaar niet verder te vervolgen, dien je dat vroegtijdig te melden. Je hebt geen recht op teruggave van de trainingskosten van dat jaar. Nog niet gefactureerde accommodatiekosten hoeven dan niet betaald te worden.<\/p>\n<p><strong>Annulering<\/strong><br \/>Bij annulering voor 2 maanden voor de start van de opleiding geldt er een administatieve kost van 50 \u20ac. Bij annulering vanaf 2 maanden tot 3 weken v\u00f3\u00f3r aanvang van de cursus betaal je 20% annuleringskosten. Bij annulering vanaf 3 weken tot 7 werkdagen v\u00f3\u00f3r de start betaal je 50% van het cursusbedrag. Bij latere annulering of als je niet annuleert \/ niet komt opdagen, betaal je 100% van het cursusbedrag. Het niet betalen van de deelnameprijs geldt nooit als annulering. Annulering dient schriftelijk (e-mail, brief) te gebeuren.<\/p>\n<p><strong>Plaatsvinden van een opleidingsjaar<\/strong><br \/>Een opleidingsjaar kan pas werkelijk doorgaan bij een minimum aantal deelnemers; indien dat niet behaald wordt vervalt je inschrijving en wordt het al betaalde teruggestort. Je wordt tijdig ge\u00efnformeerd bij het eventuele niet doorgaan van een vervolgopleidingsjaar.<\/p>\n<p>[\/et_pb_accordion_item][et_pb_accordion_item title=&#8221;Locatie&#8221; _builder_version=&#8221;4.21.0&#8243; _module_preset=&#8221;default&#8221; global_colors_info=&#8221;{}&#8221; open=&#8221;off&#8221;]<\/p>\n<p>Als locatie werd er gekozen voor Centrum Eenheid (nabij Leuven). Het is een mooi en groot centrum met veel natuur aan de achterzijde (Bos). Het is niet mogelijk om in het centrum te overnachten. We bezorgen een lijst van overnachtingslocaties in de buurt na het aanmelden. Er wordt door de locatie voorzien in koffiepauzes, middagmaal en (optioneel) avondmaal. We raden iedereen aan om ook het avondmaal te kiezen, dit volgt namelijk direct op het laatste lesmoment en in de avonden is er soms een avond programma maar ook elke keer de ruimte voor persoonlijke of supervisie sessies.<\/p>\n<p>Momenteel zijn we nog bezig met de exacte maaltijden en prijzen vast te leggen, onderstaande is dus een eerste indicatie.<\/p>\n<p>De kosten voor een koffiepauzes + middagmaal is ongeveer 190\u20ac<br \/>De kosten voor koffiepauzes + middagmaal en avondmaal is ongeveer 310 \u20ac<\/p>\n<p>Deze prijzen zijn voor een module van 6 dagen en zijn inclusief Btw.<\/p>\n<p><strong>Adres<\/strong><br \/>Aarschotsesteenweg 381<br \/>3111 Rotselaar \u2013 Wezemaal<br \/>Belgi\u00eb<\/p>\n<p>website:<span>\u00a0<\/span><a href=\"https:\/\/centrumeenheid.be\/\">https:\/\/centrumeenheid.be<\/a><\/p>\n<p>[\/et_pb_accordion_item][et_pb_accordion_item title=&#8221;Lestijden&#8221; _builder_version=&#8221;4.21.0&#8243; _module_preset=&#8221;default&#8221; global_colors_info=&#8221;{}&#8221; open=&#8221;off&#8221;]<\/p>\n<p>De typische lestijden tijdens de opleidingsmodules zijn van 10u tot 13u en van 15u tot 18u. Elke dag kan dit licht verschillen indien er iets zou worden uitgelopen of indien er iets eerder gestopt zou worden. Enkel de laatste dag zal de namiddag vermoedelijk korter zijn van 14u tot 16u zijn. Je ontvangt enkele maanden voor elke module een overzicht met de exacte planning.<\/p>\n<p>De eerste dag zal het onthaal starten om 9u. We vragen aan iedereen om tijdig toe te komen zodat we samen om 10u kunnen starten met de eerste sessie.<\/p>\n<p>In de ochtend, middagpauze en avonden is het mogelijk om persoonlijke sessies en supervisies in te plannen. De omgeving in de locatie is natuurrijk. Het is een ideale plek om in de pauzes tot rust te komen en de leerstof te integreren.<\/p>\n<p>[\/et_pb_accordion_item][et_pb_accordion_item title=&#8221;Toelatingscriteria&#8221; _builder_version=&#8221;4.21.0&#8243; _module_preset=&#8221;default&#8221; global_colors_info=&#8221;{}&#8221; open=&#8221;off&#8221;]<\/p>\n<p>Om toegelaten te kunnen worden tot de opleiding Somatic Experiencing\u00ae Practitioner gelden de volgende criteria:<\/p>\n<ul>\n<li>Minimaal 25 jaar oud<\/li>\n<li>Deelgenomen aan erkende twee dagen SE intro (of gelijkgestelde workshop)<\/li>\n<li>Professioneel werkzaam binnen het veld van gezondheidszorg, onderwijs of ander werkveld waar je in aanraking komt met trauma. Voorbeeld: (lichaamsgericht) therapeut, psycholoog, arts, fysiotherapeut, coach, trainer, docent en anderen die (willen) werken met mensen met trauma.<\/li>\n<\/ul>\n<p><strong>Introductieworkshop en intake<\/strong><\/p>\n<p>Kandidaten moeten voor de start van de opleiding twee dagen erkende introductieworkshop hebben gevolgd, hierbij zijn er assistenten aanwezig (die ook deel uitmaken van het intake team) voor het beantwoorden van vragen. Het is raadzaam om daarnaast ook een of meerdere persoonlijke SE-sessies te hebben gehad.<\/p>\n<p>Als niet volledig aan de opleidingscriteria wordt voldaan, kan in een intakegesprek besproken worden of er toch voldoende vaardigheden en motivatie aanwezig zijn om deel te kunnen nemen aan de opleiding. Het tarief hiervoor is \u20ac 90. Hiernaast moet alsnog de introductieworkshop worden gevolgd.<\/p>\n<p>[\/et_pb_accordion_item][\/et_pb_accordion][\/et_pb_column][\/et_pb_row][et_pb_row _builder_version=&#8221;4.21.0&#8243; _module_preset=&#8221;default&#8221; global_colors_info=&#8221;{}&#8221;][et_pb_column type=&#8221;4_4&#8243; _builder_version=&#8221;4.21.0&#8243; _module_preset=&#8221;default&#8221; global_colors_info=&#8221;{}&#8221;][et_pb_text _builder_version=&#8221;4.21.0&#8243; _module_preset=&#8221;1ccf75c9-1ccf-4989-8ade-bc7cb151218d&#8221; global_colors_info=&#8221;{}&#8221;]<\/p>\n<h2>Aanmelding<\/h2>\n<p>Deze training werd reeds gestart. Indien je een module of een jaar wenst te herhalen, of indien je wenst over te stappen van een ander land naar onze opleiding neem dan contact met ons op via het contact formulier.<\/p>\n<p>[\/et_pb_text][\/et_pb_column][\/et_pb_row][et_pb_row _builder_version=&#8221;4.21.0&#8243; _module_preset=&#8221;default&#8221; global_colors_info=&#8221;{}&#8221;][et_pb_column type=&#8221;4_4&#8243; _builder_version=&#8221;4.21.0&#8243; _module_preset=&#8221;default&#8221; global_colors_info=&#8221;{}&#8221;][et_pb_button button_url=&#8221;\/contact\/&#8221; button_text=&#8221;Meer weten? Neem contact op!&#8221; button_alignment=&#8221;center&#8221; _builder_version=&#8221;4.21.0&#8243; _module_preset=&#8221;default&#8221; global_colors_info=&#8221;{}&#8221;][\/et_pb_button][\/et_pb_column][\/et_pb_row][\/et_pb_section]<\/p>\n","protected":false},"excerpt":{"rendered":"<p>Somatic Experiencing is een therapie ontwikkeld door Peter A. Levine Opleiding Somatic Experiencing 2023-2025 Via deze pagina kan je alle info over de opleiding Somatic Experiencing (Groep B) terug vinden. [&hellip;]<\/p>\n","protected":false},"author":1,"featured_media":0,"parent":0,"menu_order":0,"comment_status":"closed","ping_status":"closed","template":"","meta":{"_acf_changed":false,"_et_pb_use_builder":"on","_et_pb_old_content":"","_et_gb_content_width":"","footnotes":""},"dipi_cpt_category":[9],"class_list":["post-1154","page","type-page","status-publish","hentry","dipi_cpt_category-geen-testimonials"],"acf":[],"yoast_head":"<!-- This site is optimized with the Yoast SEO plugin v26.3 - https:\/\/yoast.com\/wordpress\/plugins\/seo\/ -->\n<title>Training Somatic Experiencing 2023-2025 - Trauma Healing Belgium<\/title>\n<meta name=\"robots\" content=\"index, follow, max-snippet:-1, max-image-preview:large, max-video-preview:-1\" \/>\n<link rel=\"canonical\" href=\"https:\/\/traumahealing.be\/en\/training-somatic-experiencing-2023-2025\/\" \/>\n<meta property=\"og:locale\" content=\"en_GB\" \/>\n<meta property=\"og:type\" content=\"article\" \/>\n<meta property=\"og:title\" content=\"Training Somatic Experiencing 2023-2025 - Trauma Healing Belgium\" \/>\n<meta property=\"og:description\" content=\"Somatic Experiencing is een therapie ontwikkeld door Peter A. Levine Opleiding Somatic Experiencing 2023-2025 Via deze pagina kan je alle info over de opleiding Somatic Experiencing (Groep B) terug vinden. [&hellip;]\" \/>\n<meta property=\"og:url\" content=\"https:\/\/traumahealing.be\/en\/wp-json\/wp\/v2\/pages\/1154\" \/>\n<meta property=\"og:site_name\" content=\"Trauma Healing Belgium\" \/>\n<meta property=\"article:modified_time\" content=\"2023-10-02T10:46:33+00:00\" \/>\n<meta property=\"og:image\" content=\"https:\/\/traumahealing.be\/wp-content\/uploads\/2023\/05\/trauma-healing-belgium-logo-v1-600px.webp\" \/>\n\t<meta property=\"og:image:width\" content=\"600\" \/>\n\t<meta property=\"og:image:height\" content=\"238\" \/>\n\t<meta property=\"og:image:type\" content=\"image\/webp\" \/>\n<meta name=\"twitter:card\" content=\"summary_large_image\" \/>\n<meta name=\"twitter:label1\" content=\"Estimated reading time\" \/>\n\t<meta name=\"twitter:data1\" content=\"9 minutes\" \/>\n<script type=\"application\/ld+json\" class=\"yoast-schema-graph\">{\"@context\":\"https:\/\/schema.org\",\"@graph\":[{\"@type\":\"WebPage\",\"@id\":\"https:\/\/traumahealing.be\/training-somatic-experiencing-2023-2025\/\",\"url\":\"https:\/\/traumahealing.be\/training-somatic-experiencing-2023-2025\/\",\"name\":\"Training Somatic Experiencing 2023-2025 - Trauma Healing Belgium\",\"isPartOf\":{\"@id\":\"https:\/\/traumahealing.be\/#website\"},\"datePublished\":\"2023-07-13T09:25:01+00:00\",\"dateModified\":\"2023-10-02T10:46:33+00:00\",\"breadcrumb\":{\"@id\":\"https:\/\/traumahealing.be\/training-somatic-experiencing-2023-2025\/#breadcrumb\"},\"inLanguage\":\"en-GB\",\"potentialAction\":[{\"@type\":\"ReadAction\",\"target\":[\"https:\/\/traumahealing.be\/training-somatic-experiencing-2023-2025\/\"]}]},{\"@type\":\"BreadcrumbList\",\"@id\":\"https:\/\/traumahealing.be\/training-somatic-experiencing-2023-2025\/#breadcrumb\",\"itemListElement\":[{\"@type\":\"ListItem\",\"position\":1,\"name\":\"Home\",\"item\":\"https:\/\/traumahealing.be\/\"},{\"@type\":\"ListItem\",\"position\":2,\"name\":\"Training Somatic Experiencing 2023-2025\"}]},{\"@type\":\"WebSite\",\"@id\":\"https:\/\/traumahealing.be\/#website\",\"url\":\"https:\/\/traumahealing.be\/\",\"name\":\"Trauma Healing Belgium\",\"description\":\"Somatic Experiencing\",\"publisher\":{\"@id\":\"https:\/\/traumahealing.be\/#organization\"},\"potentialAction\":[{\"@type\":\"SearchAction\",\"target\":{\"@type\":\"EntryPoint\",\"urlTemplate\":\"https:\/\/traumahealing.be\/?s={search_term_string}\"},\"query-input\":{\"@type\":\"PropertyValueSpecification\",\"valueRequired\":true,\"valueName\":\"search_term_string\"}}],\"inLanguage\":\"en-GB\"},{\"@type\":\"Organization\",\"@id\":\"https:\/\/traumahealing.be\/#organization\",\"name\":\"Trauma Healing Belgium\",\"url\":\"https:\/\/traumahealing.be\/\",\"logo\":{\"@type\":\"ImageObject\",\"inLanguage\":\"en-GB\",\"@id\":\"https:\/\/traumahealing.be\/#\/schema\/logo\/image\/\",\"url\":\"https:\/\/traumahealing.be\/wp-content\/uploads\/2023\/05\/trauma-healing-belgium-logo-v1-600px.webp\",\"contentUrl\":\"https:\/\/traumahealing.be\/wp-content\/uploads\/2023\/05\/trauma-healing-belgium-logo-v1-600px.webp\",\"width\":600,\"height\":238,\"caption\":\"Trauma Healing Belgium\"},\"image\":{\"@id\":\"https:\/\/traumahealing.be\/#\/schema\/logo\/image\/\"}}]}<\/script>\n<!-- \/ Yoast SEO plugin. -->","yoast_head_json":{"title":"Training Somatic Experiencing 2023-2025 - Trauma Healing Belgium","robots":{"index":"index","follow":"follow","max-snippet":"max-snippet:-1","max-image-preview":"max-image-preview:large","max-video-preview":"max-video-preview:-1"},"canonical":"https:\/\/traumahealing.be\/en\/training-somatic-experiencing-2023-2025\/","og_locale":"en_GB","og_type":"article","og_title":"Training Somatic Experiencing 2023-2025 - Trauma Healing Belgium","og_description":"Somatic Experiencing is een therapie ontwikkeld door Peter A. Levine Opleiding Somatic Experiencing 2023-2025 Via deze pagina kan je alle info over de opleiding Somatic Experiencing (Groep B) terug vinden. [&hellip;]","og_url":"https:\/\/traumahealing.be\/en\/wp-json\/wp\/v2\/pages\/1154","og_site_name":"Trauma Healing Belgium","article_modified_time":"2023-10-02T10:46:33+00:00","og_image":[{"width":600,"height":238,"url":"https:\/\/traumahealing.be\/wp-content\/uploads\/2023\/05\/trauma-healing-belgium-logo-v1-600px.webp","type":"image\/webp"}],"twitter_card":"summary_large_image","twitter_misc":{"Estimated reading time":"9 minutes"},"schema":{"@context":"https:\/\/schema.org","@graph":[{"@type":"WebPage","@id":"https:\/\/traumahealing.be\/training-somatic-experiencing-2023-2025\/","url":"https:\/\/traumahealing.be\/training-somatic-experiencing-2023-2025\/","name":"Training Somatic Experiencing 2023-2025 - Trauma Healing Belgium","isPartOf":{"@id":"https:\/\/traumahealing.be\/#website"},"datePublished":"2023-07-13T09:25:01+00:00","dateModified":"2023-10-02T10:46:33+00:00","breadcrumb":{"@id":"https:\/\/traumahealing.be\/training-somatic-experiencing-2023-2025\/#breadcrumb"},"inLanguage":"en-GB","potentialAction":[{"@type":"ReadAction","target":["https:\/\/traumahealing.be\/training-somatic-experiencing-2023-2025\/"]}]},{"@type":"BreadcrumbList","@id":"https:\/\/traumahealing.be\/training-somatic-experiencing-2023-2025\/#breadcrumb","itemListElement":[{"@type":"ListItem","position":1,"name":"Home","item":"https:\/\/traumahealing.be\/"},{"@type":"ListItem","position":2,"name":"Training Somatic Experiencing 2023-2025"}]},{"@type":"WebSite","@id":"https:\/\/traumahealing.be\/#website","url":"https:\/\/traumahealing.be\/","name":"Trauma Healing Belgium","description":"Somatic Experiencing","publisher":{"@id":"https:\/\/traumahealing.be\/#organization"},"potentialAction":[{"@type":"SearchAction","target":{"@type":"EntryPoint","urlTemplate":"https:\/\/traumahealing.be\/?s={search_term_string}"},"query-input":{"@type":"PropertyValueSpecification","valueRequired":true,"valueName":"search_term_string"}}],"inLanguage":"en-GB"},{"@type":"Organization","@id":"https:\/\/traumahealing.be\/#organization","name":"Trauma Healing Belgium","url":"https:\/\/traumahealing.be\/","logo":{"@type":"ImageObject","inLanguage":"en-GB","@id":"https:\/\/traumahealing.be\/#\/schema\/logo\/image\/","url":"https:\/\/traumahealing.be\/wp-content\/uploads\/2023\/05\/trauma-healing-belgium-logo-v1-600px.webp","contentUrl":"https:\/\/traumahealing.be\/wp-content\/uploads\/2023\/05\/trauma-healing-belgium-logo-v1-600px.webp","width":600,"height":238,"caption":"Trauma Healing Belgium"},"image":{"@id":"https:\/\/traumahealing.be\/#\/schema\/logo\/image\/"}}]}},"_links":{"self":[{"href":"https:\/\/traumahealing.be\/en\/wp-json\/wp\/v2\/pages\/1154","targetHints":{"allow":["GET"]}}],"collection":[{"href":"https:\/\/traumahealing.be\/en\/wp-json\/wp\/v2\/pages"}],"about":[{"href":"https:\/\/traumahealing.be\/en\/wp-json\/wp\/v2\/types\/page"}],"author":[{"embeddable":true,"href":"https:\/\/traumahealing.be\/en\/wp-json\/wp\/v2\/users\/1"}],"replies":[{"embeddable":true,"href":"https:\/\/traumahealing.be\/en\/wp-json\/wp\/v2\/comments?post=1154"}],"version-history":[{"count":14,"href":"https:\/\/traumahealing.be\/en\/wp-json\/wp\/v2\/pages\/1154\/revisions"}],"predecessor-version":[{"id":1409,"href":"https:\/\/traumahealing.be\/en\/wp-json\/wp\/v2\/pages\/1154\/revisions\/1409"}],"wp:attachment":[{"href":"https:\/\/traumahealing.be\/en\/wp-json\/wp\/v2\/media?parent=1154"}],"wp:term":[{"taxonomy":"dipi_cpt_category","embeddable":true,"href":"https:\/\/traumahealing.be\/en\/wp-json\/wp\/v2\/dipi_cpt_category?post=1154"}],"curies":[{"name":"wp","href":"https:\/\/api.w.org\/{rel}","templated":true}]}}